{"id":297,"date":"2024-08-27T13:29:13","date_gmt":"2024-08-27T11:29:13","guid":{"rendered":"https:\/\/camions-de-pizzas.fr\/?page_id=297"},"modified":"2024-08-27T13:31:15","modified_gmt":"2024-08-27T11:31:15","slug":"mentions-legales","status":"publish","type":"page","link":"https:\/\/camions-de-pizzas.fr\/?page_id=297","title":{"rendered":"Mentions l\u00e9gales"},"content":{"rendered":"\t\t<div data-elementor-type=\"wp-page\" data-elementor-id=\"297\" class=\"elementor elementor-297\">\n\t\t\t\t<div class=\"elementor-element elementor-element-12abc949 e-flex e-con-boxed e-con e-parent\" data-id=\"12abc949\" data-element_type=\"container\">\n\t\t\t\t\t<div class=\"e-con-inner\">\n\t\t\t\t<div class=\"elementor-element elementor-element-27f1f683 elementor-widget elementor-widget-image\" data-id=\"27f1f683\" data-element_type=\"widget\" data-widget_type=\"image.default\">\n\t\t\t\t<div class=\"elementor-widget-container\">\n\t\t\t\t\t\t\t\t\t\t\t\t\t\t\t<img fetchpriority=\"high\" decoding=\"async\" width=\"300\" height=\"245\" src=\"https:\/\/camions-de-pizzas.fr\/wp-content\/uploads\/2024\/07\/CAMIONS-1-2.jpg\" class=\"attachment-large size-large wp-image-72\" alt=\"\" \/>\t\t\t\t\t\t\t\t\t\t\t\t\t\t\t<\/div>\n\t\t\t\t<\/div>\n\t\t\t\t<div class=\"elementor-element elementor-element-1ba72d99 elementor-widget elementor-widget-heading\" data-id=\"1ba72d99\" data-element_type=\"widget\" data-widget_type=\"heading.default\">\n\t\t\t\t<div class=\"elementor-widget-container\">\n\t\t\t\t\t<h2 class=\"elementor-heading-title elementor-size-default\">MENTIONS LEGALES<\/h2>\t\t\t\t<\/div>\n\t\t\t\t<\/div>\n\t\t\t\t<div class=\"elementor-element elementor-element-5ff4184c elementor-widget elementor-widget-text-editor\" data-id=\"5ff4184c\" data-element_type=\"widget\" data-widget_type=\"text-editor.default\">\n\t\t\t\t<div class=\"elementor-widget-container\">\n\t\t\t\t\t\t\t\t\t<p><span style=\"font-weight: 400;\">Le pr\u00e9sent site web est la propri\u00e9t\u00e9 de L&rsquo;id\u00e9al&rsquo;liste, immatricul\u00e9e au Registre du Commerce et des Soci\u00e9t\u00e9s de Salon de Provence sous le num\u00e9ro 530132562, dont le si\u00e8ge social est situ\u00e9 42 impasse des bartavelles, 13680 Lan\u00e7on de Provence.<\/span><\/p><p>\u00a0<\/p><p><b>Directeur de la publication : <\/b><span style=\"font-weight: 400;\">Ana\u00efs MARIANI<\/span><\/p><p>\u00a0<\/p><p><b>Contact :<\/b><span style=\"font-weight: 400;\"> anais@camions-de-pizzas.fr<\/span><\/p><p>\u00a0<\/p><p><b>H\u00e9bergeur :<\/b><span style=\"font-weight: 400;\"> OVH <\/span><b>Adresse : <\/b><span style=\"font-weight: 400;\">2, rue Kellermann, 59100 Roubaix.<\/span><\/p><p>\u00a0<\/p><p>\u00a0<\/p><p><b>Propri\u00e9t\u00e9 intellectuelle<\/b><\/p><p>\u00a0<\/p><p><span style=\"font-weight: 400;\">L&rsquo;ensemble des \u00e9l\u00e9ments constituant ce site, notamment les textes, images, logos, marques, sont prot\u00e9g\u00e9s par les lois de la propri\u00e9t\u00e9 intellectuelle. Toute reproduction, repr\u00e9sentation, modification, publication, adaptation totale ou partielle de l&rsquo;un quelconque de ces \u00e9l\u00e9ments, par quelque proc\u00e9d\u00e9 que ce soit, est strictement interdite, sauf autorisation \u00e9crite pr\u00e9alable de L&rsquo;id\u00e9al&rsquo;liste.\u00a0\u00a0<\/span><\/p><p>\u00a0<\/p><p>\u00a0<\/p><p><b>Donn\u00e9es personnelles<\/b><\/p><p>\u00a0<\/p><p><span style=\"font-weight: 400;\">Les informations recueillies sur ce site sont destin\u00e9es \u00e0 L&rsquo;id\u00e9al&rsquo;liste. Vous disposez d&rsquo;un droit d&rsquo;acc\u00e8s, de rectification et de suppression des donn\u00e9es vous concernant, que vous pouvez exercer en nous contactant \u00e0 l&rsquo;adresse suivante : contact@camions-de-pizzas.fr<\/span><\/p><p>\u00a0<\/p><p>\u00a0<\/p><p><b>Cookies<\/b><\/p><p>\u00a0<\/p><p><span style=\"font-weight: 400;\">Ce site utilise des cookies afin d&rsquo;am\u00e9liorer votre exp\u00e9rience de navigation. Vous pouvez d\u00e9sactiver les cookies \u00e0 partir des param\u00e8tres de votre navigateur.<\/span><\/p><p>\u00a0<\/p><p>\u00a0<\/p><p><b>Responsabilit\u00e9<\/b><\/p><p>\u00a0<\/p><p><span style=\"font-weight: 400;\">L&rsquo;id\u00e9al&rsquo;liste ne saurait \u00eatre tenu responsable des dommages directs ou indirects qui pourraient r\u00e9sulter de l&rsquo;acc\u00e8s ou de l&rsquo;utilisation de ce site, ou de toute interruption dans la connexion.<\/span><\/p><p>\u00a0<\/p><p>\u00a0<\/p><p><b>Liens hypertextes<\/b><\/p><p>\u00a0<\/p><p><span style=\"font-weight: 400;\">Le site peut contenir des liens hypertextes vers d&rsquo;autres sites web. L&rsquo;id\u00e9al&rsquo;liste n&rsquo;exerce aucun contr\u00f4le sur ces sites et d\u00e9cline toute responsabilit\u00e9 quant \u00e0 leur contenu.<\/span><\/p><p>\u00a0<\/p><p>\u00a0<\/p><p><b>Loi applicable<\/b><\/p><p>\u00a0<\/p><p><span style=\"font-weight: 400;\">Le pr\u00e9sent site et les mentions l\u00e9gales sont soumis au droit fran\u00e7ais. En cas de litige, les tribunaux de Salon de Provence seront seuls comp\u00e9tents.<\/span><\/p>\t\t\t\t\t\t\t\t<\/div>\n\t\t\t\t<\/div>\n\t\t\t\t\t<\/div>\n\t\t\t\t<\/div>\n\t\t<div class=\"elementor-element elementor-element-588d056a e-con-full e-flex e-con e-parent\" data-id=\"588d056a\" data-element_type=\"container\">\n\t\t\t\t<\/div>\n\t\t\t\t<\/div>\n\t\t","protected":false},"excerpt":{"rendered":"<p>MENTIONS LEGALES Le pr\u00e9sent site web est la propri\u00e9t\u00e9 de L&rsquo;id\u00e9al&rsquo;liste, immatricul\u00e9e au Registre du Commerce et des Soci\u00e9t\u00e9s de Salon de Provence sous le num\u00e9ro 530132562, dont le si\u00e8ge social est situ\u00e9 42 impasse des bartavelles, 13680 Lan\u00e7on de Provence. \u00a0 Directeur de la publication : Ana\u00efs MARIANI \u00a0 Contact : anais@camions-de-pizzas.fr \u00a0 H\u00e9bergeur [&hellip;]<\/p>\n","protected":false},"author":1,"featured_media":0,"parent":0,"menu_order":0,"comment_status":"closed","ping_status":"closed","template":"","meta":{"footnotes":""},"class_list":["post-297","page","type-page","status-publish","hentry"],"_links":{"self":[{"href":"https:\/\/camions-de-pizzas.fr\/index.php?rest_route=\/wp\/v2\/pages\/297","targetHints":{"allow":["GET"]}}],"collection":[{"href":"https:\/\/camions-de-pizzas.fr\/index.php?rest_route=\/wp\/v2\/pages"}],"about":[{"href":"https:\/\/camions-de-pizzas.fr\/index.php?rest_route=\/wp\/v2\/types\/page"}],"author":[{"embeddable":true,"href":"https:\/\/camions-de-pizzas.fr\/index.php?rest_route=\/wp\/v2\/users\/1"}],"replies":[{"embeddable":true,"href":"https:\/\/camions-de-pizzas.fr\/index.php?rest_route=%2Fwp%2Fv2%2Fcomments&post=297"}],"version-history":[{"count":4,"href":"https:\/\/camions-de-pizzas.fr\/index.php?rest_route=\/wp\/v2\/pages\/297\/revisions"}],"predecessor-version":[{"id":302,"href":"https:\/\/camions-de-pizzas.fr\/index.php?rest_route=\/wp\/v2\/pages\/297\/revisions\/302"}],"wp:attachment":[{"href":"https:\/\/camions-de-pizzas.fr\/index.php?rest_route=%2Fwp%2Fv2%2Fmedia&parent=297"}],"curies":[{"name":"wp","href":"https:\/\/api.w.org\/{rel}","templated":true}]}}