{"id":583,"date":"2025-09-09T17:11:28","date_gmt":"2025-09-09T15:11:28","guid":{"rendered":"https:\/\/camions-de-pizzas.fr\/?page_id=583"},"modified":"2025-09-09T17:43:00","modified_gmt":"2025-09-09T15:43:00","slug":"lecamionpizzadebelair","status":"publish","type":"page","link":"https:\/\/camions-de-pizzas.fr\/?page_id=583","title":{"rendered":"Le camion pizza de Bel Air &#8211; 13300 Bel Air"},"content":{"rendered":"\t\t<div data-elementor-type=\"wp-page\" data-elementor-id=\"583\" class=\"elementor elementor-583\">\n\t\t\t\t<div class=\"elementor-element elementor-element-4707d36d e-flex e-con-boxed e-con e-parent\" data-id=\"4707d36d\" data-element_type=\"container\">\n\t\t\t\t\t<div class=\"e-con-inner\">\n\t\t\t\t<div class=\"elementor-element elementor-element-6fabd5d1 elementor-widget elementor-widget-image\" data-id=\"6fabd5d1\" data-element_type=\"widget\" data-widget_type=\"image.default\">\n\t\t\t\t<div class=\"elementor-widget-container\">\n\t\t\t\t\t\t\t\t\t\t\t\t\t\t\t\t<a href=\"https:\/\/camions-de-pizzas.fr\/\">\n\t\t\t\t\t\t\t<img fetchpriority=\"high\" decoding=\"async\" width=\"300\" height=\"245\" src=\"https:\/\/camions-de-pizzas.fr\/wp-content\/uploads\/2024\/07\/CAMIONS-1-1-300x245.jpg\" class=\"attachment-medium size-medium wp-image-61\" alt=\"\" srcset=\"https:\/\/camions-de-pizzas.fr\/wp-content\/uploads\/2024\/07\/CAMIONS-1-1-300x245.jpg 300w, https:\/\/camions-de-pizzas.fr\/wp-content\/uploads\/2024\/07\/CAMIONS-1-1.jpg 395w\" sizes=\"(max-width: 300px) 100vw, 300px\" \/>\t\t\t\t\t\t\t\t<\/a>\n\t\t\t\t\t\t\t\t\t\t\t\t\t\t\t<\/div>\n\t\t\t\t<\/div>\n\t\t\t\t\t<\/div>\n\t\t\t\t<\/div>\n\t\t<div class=\"elementor-element elementor-element-133cb928 e-flex e-con-boxed e-con e-parent\" data-id=\"133cb928\" data-element_type=\"container\" data-settings=\"{&quot;background_background&quot;:&quot;classic&quot;}\">\n\t\t\t\t\t<div class=\"e-con-inner\">\n\t\t\t\t<div class=\"elementor-element elementor-element-5708f5b1 elementor-widget elementor-widget-heading\" data-id=\"5708f5b1\" data-element_type=\"widget\" data-widget_type=\"heading.default\">\n\t\t\t\t<div class=\"elementor-widget-container\">\n\t\t\t\t\t<h2 class=\"elementor-heading-title elementor-size-default\">LE CAMION DE PIZZA BEL AIR<\/h2>\t\t\t\t<\/div>\n\t\t\t\t<\/div>\n\t\t\t\t\t<\/div>\n\t\t\t\t<\/div>\n\t\t<div class=\"elementor-element elementor-element-420a50ba e-flex e-con-boxed e-con e-parent\" data-id=\"420a50ba\" data-element_type=\"container\" data-settings=\"{&quot;background_background&quot;:&quot;classic&quot;}\">\n\t\t\t\t\t<div class=\"e-con-inner\">\n\t\t<div class=\"elementor-element elementor-element-749b3a41 e-con-full e-flex e-con e-child\" data-id=\"749b3a41\" data-element_type=\"container\">\n\t\t\t\t<div class=\"elementor-element elementor-element-40ce0351 elementor-widget elementor-widget-image\" data-id=\"40ce0351\" data-element_type=\"widget\" data-widget_type=\"image.default\">\n\t\t\t\t<div class=\"elementor-widget-container\">\n\t\t\t\t\t\t\t\t\t\t\t\t\t\t\t<img decoding=\"async\" width=\"580\" height=\"435\" src=\"https:\/\/camions-de-pizzas.fr\/wp-content\/uploads\/2025\/09\/Capture-decran-2025-09-09-170952.jpg\" class=\"attachment-large size-large wp-image-585\" alt=\"\" srcset=\"https:\/\/camions-de-pizzas.fr\/wp-content\/uploads\/2025\/09\/Capture-decran-2025-09-09-170952.jpg 782w, https:\/\/camions-de-pizzas.fr\/wp-content\/uploads\/2025\/09\/Capture-decran-2025-09-09-170952-300x225.jpg 300w, https:\/\/camions-de-pizzas.fr\/wp-content\/uploads\/2025\/09\/Capture-decran-2025-09-09-170952-768x576.jpg 768w\" sizes=\"(max-width: 580px) 100vw, 580px\" \/>\t\t\t\t\t\t\t\t\t\t\t\t\t\t\t<\/div>\n\t\t\t\t<\/div>\n\t\t\t\t<\/div>\n\t\t<div class=\"elementor-element elementor-element-4ea1e04 e-con-full e-flex e-con e-child\" data-id=\"4ea1e04\" data-element_type=\"container\">\n\t\t<div class=\"elementor-element elementor-element-9f36449 e-con-full e-flex e-con e-child\" data-id=\"9f36449\" data-element_type=\"container\">\n\t\t\t\t<div class=\"elementor-element elementor-element-660f435e elementor-widget elementor-widget-text-editor\" data-id=\"660f435e\" data-element_type=\"widget\" data-widget_type=\"text-editor.default\">\n\t\t\t\t<div class=\"elementor-widget-container\">\n\t\t\t\t\t\t\t\t\t<p><strong>LE CAMION DE PIZZA BEL AIR<\/strong><\/p>\t\t\t\t\t\t\t\t<\/div>\n\t\t\t\t<\/div>\n\t\t\t\t<div class=\"elementor-element elementor-element-3f10fe5f elementor-icon-list--layout-traditional elementor-list-item-link-full_width elementor-widget elementor-widget-icon-list\" data-id=\"3f10fe5f\" data-element_type=\"widget\" data-widget_type=\"icon-list.default\">\n\t\t\t\t<div class=\"elementor-widget-container\">\n\t\t\t\t\t\t\t<ul class=\"elementor-icon-list-items\">\n\t\t\t\t\t\t\t<li class=\"elementor-icon-list-item\">\n\t\t\t\t\t\t\t\t\t\t\t<span class=\"elementor-icon-list-icon\">\n\t\t\t\t\t\t\t<svg aria-hidden=\"true\" class=\"e-font-icon-svg e-fas-map-marker-alt\" viewBox=\"0 0 384 512\" xmlns=\"http:\/\/www.w3.org\/2000\/svg\"><path d=\"M172.268 501.67C26.97 291.031 0 269.413 0 192 0 85.961 85.961 0 192 0s192 85.961 192 192c0 77.413-26.97 99.031-172.268 309.67-9.535 13.774-29.93 13.773-39.464 0zM192 272c44.183 0 80-35.817 80-80s-35.817-80-80-80-80 35.817-80 80 35.817 80 80 80z\"><\/path><\/svg>\t\t\t\t\t\t<\/span>\n\t\t\t\t\t\t\t\t\t\t<span class=\"elementor-icon-list-text\">Avenue Jacques Chabans Delmas, 13300 Salon de Provence<\/span>\n\t\t\t\t\t\t\t\t\t<\/li>\n\t\t\t\t\t\t\t\t<li class=\"elementor-icon-list-item\">\n\t\t\t\t\t\t\t\t\t\t\t<span class=\"elementor-icon-list-icon\">\n\t\t\t\t\t\t\t<svg aria-hidden=\"true\" class=\"e-font-icon-svg e-fas-phone-square-alt\" viewBox=\"0 0 448 512\" xmlns=\"http:\/\/www.w3.org\/2000\/svg\"><path d=\"M400 32H48A48 48 0 0 0 0 80v352a48 48 0 0 0 48 48h352a48 48 0 0 0 48-48V80a48 48 0 0 0-48-48zm-16.39 307.37l-15 65A15 15 0 0 1 354 416C194 416 64 286.29 64 126a15.7 15.7 0 0 1 11.63-14.61l65-15A18.23 18.23 0 0 1 144 96a16.27 16.27 0 0 1 13.79 9.09l30 70A17.9 17.9 0 0 1 189 181a17 17 0 0 1-5.5 11.61l-37.89 31a231.91 231.91 0 0 0 110.78 110.78l31-37.89A17 17 0 0 1 299 291a17.85 17.85 0 0 1 5.91 1.21l70 30A16.25 16.25 0 0 1 384 336a17.41 17.41 0 0 1-.39 3.37z\"><\/path><\/svg>\t\t\t\t\t\t<\/span>\n\t\t\t\t\t\t\t\t\t\t<span class=\"elementor-icon-list-text\">06 72 50 00 19<\/span>\n\t\t\t\t\t\t\t\t\t<\/li>\n\t\t\t\t\t\t\t\t<li class=\"elementor-icon-list-item\">\n\t\t\t\t\t\t\t\t\t\t\t<span class=\"elementor-icon-list-icon\">\n\t\t\t\t\t\t\t<svg aria-hidden=\"true\" class=\"e-font-icon-svg e-far-calendar-alt\" viewBox=\"0 0 448 512\" xmlns=\"http:\/\/www.w3.org\/2000\/svg\"><path d=\"M148 288h-40c-6.6 0-12-5.4-12-12v-40c0-6.6 5.4-12 12-12h40c6.6 0 12 5.4 12 12v40c0 6.6-5.4 12-12 12zm108-12v-40c0-6.6-5.4-12-12-12h-40c-6.6 0-12 5.4-12 12v40c0 6.6 5.4 12 12 12h40c6.6 0 12-5.4 12-12zm96 0v-40c0-6.6-5.4-12-12-12h-40c-6.6 0-12 5.4-12 12v40c0 6.6 5.4 12 12 12h40c6.6 0 12-5.4 12-12zm-96 96v-40c0-6.6-5.4-12-12-12h-40c-6.6 0-12 5.4-12 12v40c0 6.6 5.4 12 12 12h40c6.6 0 12-5.4 12-12zm-96 0v-40c0-6.6-5.4-12-12-12h-40c-6.6 0-12 5.4-12 12v40c0 6.6 5.4 12 12 12h40c6.6 0 12-5.4 12-12zm192 0v-40c0-6.6-5.4-12-12-12h-40c-6.6 0-12 5.4-12 12v40c0 6.6 5.4 12 12 12h40c6.6 0 12-5.4 12-12zm96-260v352c0 26.5-21.5 48-48 48H48c-26.5 0-48-21.5-48-48V112c0-26.5 21.5-48 48-48h48V12c0-6.6 5.4-12 12-12h40c6.6 0 12 5.4 12 12v52h128V12c0-6.6 5.4-12 12-12h40c6.6 0 12 5.4 12 12v52h48c26.5 0 48 21.5 48 48zm-48 346V160H48v298c0 3.3 2.7 6 6 6h340c3.3 0 6-2.7 6-6z\"><\/path><\/svg>\t\t\t\t\t\t<\/span>\n\t\t\t\t\t\t\t\t\t\t<span class=\"elementor-icon-list-text\">Ouvert 7j\/7<\/span>\n\t\t\t\t\t\t\t\t\t<\/li>\n\t\t\t\t\t\t\t\t<li class=\"elementor-icon-list-item\">\n\t\t\t\t\t\t\t\t\t\t\t<span class=\"elementor-icon-list-icon\">\n\t\t\t\t\t\t\t<svg aria-hidden=\"true\" class=\"e-font-icon-svg e-far-clock\" viewBox=\"0 0 512 512\" xmlns=\"http:\/\/www.w3.org\/2000\/svg\"><path d=\"M256 8C119 8 8 119 8 256s111 248 248 248 248-111 248-248S393 8 256 8zm0 448c-110.5 0-200-89.5-200-200S145.5 56 256 56s200 89.5 200 200-89.5 200-200 200zm61.8-104.4l-84.9-61.7c-3.1-2.3-4.9-5.9-4.9-9.7V116c0-6.6 5.4-12 12-12h32c6.6 0 12 5.4 12 12v141.7l66.8 48.6c5.4 3.9 6.5 11.4 2.6 16.8L334.6 349c-3.9 5.3-11.4 6.5-16.8 2.6z\"><\/path><\/svg>\t\t\t\t\t\t<\/span>\n\t\t\t\t\t\t\t\t\t\t<span class=\"elementor-icon-list-text\">18h - 22h<\/span>\n\t\t\t\t\t\t\t\t\t<\/li>\n\t\t\t\t\t\t<\/ul>\n\t\t\t\t\t\t<\/div>\n\t\t\t\t<\/div>\n\t\t\t\t<div class=\"elementor-element elementor-element-6c0fced4 elementor-icon-list--layout-traditional elementor-list-item-link-full_width elementor-widget elementor-widget-icon-list\" data-id=\"6c0fced4\" data-element_type=\"widget\" data-widget_type=\"icon-list.default\">\n\t\t\t\t<div class=\"elementor-widget-container\">\n\t\t\t\t\t\t\t<ul class=\"elementor-icon-list-items\">\n\t\t\t\t\t\t\t<li class=\"elementor-icon-list-item\">\n\t\t\t\t\t\t\t\t\t\t\t<span class=\"elementor-icon-list-icon\">\n\t\t\t\t\t\t\t<svg aria-hidden=\"true\" class=\"e-font-icon-svg e-fas-check\" viewBox=\"0 0 512 512\" xmlns=\"http:\/\/www.w3.org\/2000\/svg\"><path d=\"M173.898 439.404l-166.4-166.4c-9.997-9.997-9.997-26.206 0-36.204l36.203-36.204c9.997-9.998 26.207-9.998 36.204 0L192 312.69 432.095 72.596c9.997-9.997 26.207-9.997 36.204 0l36.203 36.204c9.997 9.997 9.997 26.206 0 36.204l-294.4 294.401c-9.998 9.997-26.207 9.997-36.204-.001z\"><\/path><\/svg>\t\t\t\t\t\t<\/span>\n\t\t\t\t\t\t\t\t\t\t<span class=\"elementor-icon-list-text\">Livraison<\/span>\n\t\t\t\t\t\t\t\t\t<\/li>\n\t\t\t\t\t\t\t\t<li class=\"elementor-icon-list-item\">\n\t\t\t\t\t\t\t\t\t\t\t<span class=\"elementor-icon-list-icon\">\n\t\t\t\t\t\t\t<svg aria-hidden=\"true\" class=\"e-font-icon-svg e-fas-check\" viewBox=\"0 0 512 512\" xmlns=\"http:\/\/www.w3.org\/2000\/svg\"><path d=\"M173.898 439.404l-166.4-166.4c-9.997-9.997-9.997-26.206 0-36.204l36.203-36.204c9.997-9.998 26.207-9.998 36.204 0L192 312.69 432.095 72.596c9.997-9.997 26.207-9.997 36.204 0l36.203 36.204c9.997 9.997 9.997 26.206 0 36.204l-294.4 294.401c-9.998 9.997-26.207 9.997-36.204-.001z\"><\/path><\/svg>\t\t\t\t\t\t<\/span>\n\t\t\t\t\t\t\t\t\t\t<span class=\"elementor-icon-list-text\">A emporter<\/span>\n\t\t\t\t\t\t\t\t\t<\/li>\n\t\t\t\t\t\t<\/ul>\n\t\t\t\t\t\t<\/div>\n\t\t\t\t<\/div>\n\t\t\t\t<\/div>\n\t\t\t\t<\/div>\n\t\t\t\t\t<\/div>\n\t\t\t\t<\/div>\n\t\t<div class=\"elementor-element elementor-element-422a40c1 e-flex e-con-boxed e-con e-parent\" data-id=\"422a40c1\" data-element_type=\"container\" data-settings=\"{&quot;background_background&quot;:&quot;classic&quot;}\">\n\t\t\t\t\t<div class=\"e-con-inner\">\n\t\t\t\t<div class=\"elementor-element elementor-element-7d8b3736 elementor-widget elementor-widget-text-editor\" data-id=\"7d8b3736\" data-element_type=\"widget\" data-widget_type=\"text-editor.default\">\n\t\t\t\t<div class=\"elementor-widget-container\">\n\t\t\t\t\t\t\t\t\t<p>OFFRE SPECIALE\u00a0<\/p>\t\t\t\t\t\t\t\t<\/div>\n\t\t\t\t<\/div>\n\t\t\t\t<div class=\"elementor-element elementor-element-71adb30b elementor-icon-list--layout-traditional elementor-list-item-link-full_width elementor-widget elementor-widget-icon-list\" data-id=\"71adb30b\" data-element_type=\"widget\" data-widget_type=\"icon-list.default\">\n\t\t\t\t<div class=\"elementor-widget-container\">\n\t\t\t\t\t\t\t<ul class=\"elementor-icon-list-items\">\n\t\t\t\t\t\t\t<li class=\"elementor-icon-list-item\">\n\t\t\t\t\t\t\t\t\t\t\t<span class=\"elementor-icon-list-icon\">\n\t\t\t\t\t\t\t<svg aria-hidden=\"true\" class=\"e-font-icon-svg e-fas-truck\" viewBox=\"0 0 640 512\" xmlns=\"http:\/\/www.w3.org\/2000\/svg\"><path d=\"M624 352h-16V243.9c0-12.7-5.1-24.9-14.1-33.9L494 110.1c-9-9-21.2-14.1-33.9-14.1H416V48c0-26.5-21.5-48-48-48H48C21.5 0 0 21.5 0 48v320c0 26.5 21.5 48 48 48h16c0 53 43 96 96 96s96-43 96-96h128c0 53 43 96 96 96s96-43 96-96h48c8.8 0 16-7.2 16-16v-32c0-8.8-7.2-16-16-16zM160 464c-26.5 0-48-21.5-48-48s21.5-48 48-48 48 21.5 48 48-21.5 48-48 48zm320 0c-26.5 0-48-21.5-48-48s21.5-48 48-48 48 21.5 48 48-21.5 48-48 48zm80-208H416V144h44.1l99.9 99.9V256z\"><\/path><\/svg>\t\t\t\t\t\t<\/span>\n\t\t\t\t\t\t\t\t\t\t<span class=\"elementor-icon-list-text\">Livraison gratuite \u00e0 Bel Air et Salon de Provence<\/span>\n\t\t\t\t\t\t\t\t\t<\/li>\n\t\t\t\t\t\t\t\t<li class=\"elementor-icon-list-item\">\n\t\t\t\t\t\t\t\t\t\t\t<span class=\"elementor-icon-list-icon\">\n\t\t\t\t\t\t\t<svg aria-hidden=\"true\" class=\"e-font-icon-svg e-fas-check\" viewBox=\"0 0 512 512\" xmlns=\"http:\/\/www.w3.org\/2000\/svg\"><path d=\"M173.898 439.404l-166.4-166.4c-9.997-9.997-9.997-26.206 0-36.204l36.203-36.204c9.997-9.998 26.207-9.998 36.204 0L192 312.69 432.095 72.596c9.997-9.997 26.207-9.997 36.204 0l36.203 36.204c9.997 9.997 9.997 26.206 0 36.204l-294.4 294.401c-9.998 9.997-26.207 9.997-36.204-.001z\"><\/path><\/svg>\t\t\t\t\t\t<\/span>\n\t\t\t\t\t\t\t\t\t\t<span class=\"elementor-icon-list-text\">10 pizzas achet\u00e9es = 1 offerte<\/span>\n\t\t\t\t\t\t\t\t\t<\/li>\n\t\t\t\t\t\t\t\t<li class=\"elementor-icon-list-item\">\n\t\t\t\t\t\t\t\t\t\t\t<span class=\"elementor-icon-list-icon\">\n\t\t\t\t\t\t\t<svg aria-hidden=\"true\" class=\"e-font-icon-svg e-fas-check\" viewBox=\"0 0 512 512\" xmlns=\"http:\/\/www.w3.org\/2000\/svg\"><path d=\"M173.898 439.404l-166.4-166.4c-9.997-9.997-9.997-26.206 0-36.204l36.203-36.204c9.997-9.998 26.207-9.998 36.204 0L192 312.69 432.095 72.596c9.997-9.997 26.207-9.997 36.204 0l36.203 36.204c9.997 9.997 9.997 26.206 0 36.204l-294.4 294.401c-9.998 9.997-26.207 9.997-36.204-.001z\"><\/path><\/svg>\t\t\t\t\t\t<\/span>\n\t\t\t\t\t\t\t\t\t\t<span class=\"elementor-icon-list-text\">3 pizzas achet\u00e9es = 1 boisson offerte au choix<\/span>\n\t\t\t\t\t\t\t\t\t<\/li>\n\t\t\t\t\t\t<\/ul>\n\t\t\t\t\t\t<\/div>\n\t\t\t\t<\/div>\n\t\t\t\t\t<\/div>\n\t\t\t\t<\/div>\n\t\t<div class=\"elementor-element elementor-element-572eac77 e-flex e-con-boxed e-con e-parent\" data-id=\"572eac77\" data-element_type=\"container\" data-settings=\"{&quot;background_background&quot;:&quot;classic&quot;}\">\n\t\t\t\t\t<div class=\"e-con-inner\">\n\t\t\t\t<div class=\"elementor-element elementor-element-323464bc elementor-widget elementor-widget-text-editor\" data-id=\"323464bc\" data-element_type=\"widget\" data-widget_type=\"text-editor.default\">\n\t\t\t\t<div class=\"elementor-widget-container\">\n\t\t\t\t\t\t\t\t\t<p><strong>LES CLASSIQUES<\/strong><\/p>\t\t\t\t\t\t\t\t<\/div>\n\t\t\t\t<\/div>\n\t\t\t\t<div class=\"elementor-element elementor-element-3dc16c24 elementor-widget elementor-widget-text-editor\" data-id=\"3dc16c24\" data-element_type=\"widget\" data-widget_type=\"text-editor.default\">\n\t\t\t\t<div class=\"elementor-widget-container\">\n\t\t\t\t\t\t\t\t\t<p><span style=\"color: #043549;\"><b>ANCHOIS<\/b><\/span> &#8211; Sauce tomate, anchois, olives &#8211;<strong> 8\u20ac<br \/><\/strong><span style=\"color: #043549;\"><b>FROMAGE<\/b><\/span> &#8211; Sauce tomate, emmental, olives &#8211;<strong> 8\u20ac<br \/><\/strong><span style=\"color: #043549;\"><b>MOITIE \/ MOITIE<\/b><\/span> &#8211; Moiti\u00e9 fromage, moiti\u00e9 anchois &#8211;<strong> 8\u20ac<\/strong><br \/><span style=\"color: #043549;\"><b>NAPOLITAINE<\/b><\/span> &#8211; Sauce tomate, emmental, anchois, olives &#8211;<strong> 9\u20ac<\/strong><br \/><span style=\"color: #043549;\"><b>JAMBON<\/b><\/span> &#8211; Sauce tomate, jambon, emmental, olives &#8211; <strong>10\u20ac<\/strong><br \/><span style=\"color: #043549;\"><b>CHAMPIGNONS <\/b><\/span>&#8211; Sauce tomate, champignons, emmental, olives &#8211; <strong>10\u20ac<\/strong><br \/><span style=\"color: #043549;\"><b>MOZZARELLA <\/b><\/span>&#8211; Sauce tomate, mozzarella, olives &#8211; <strong>10\u20ac<\/strong><br \/><span style=\"color: #043549;\"><b>CHORIZO <\/b><\/span>&#8211; Sauce tomate, chorizo, emmental, olives &#8211;<strong> 10\u20ac<\/strong><br \/><span style=\"color: #043549;\"><b>FIGATELLI<\/b><\/span> &#8211; Sauce tomate, figatelli, emmental, olives &#8211; <strong>11\u20ac<\/strong><br \/><span style=\"color: #043549;\"><b>MERGUEZ<\/b><\/span> &#8211; Sauce tomate, merguez, emmental, olives &#8211;<strong> 11\u20ac<\/strong><br \/><span style=\"color: #043549;\"><b>ROQUEFORT<\/b><\/span> &#8211; Sauce tomate, roquefort, emmental, olives &#8211; <strong>11\u20ac<\/strong><br \/><span style=\"color: #043549;\"><b>CHEVRE <\/b><\/span>&#8211; Sauce tomate, ch\u00e8vre, emmental, olives &#8211; <strong>11\u20ac<\/strong><\/p><p>\u00a0<\/p><p><strong>LA PIZZA DU MOIS :\u00a0<\/strong><br \/>Ingr\u00e9dients au fil des saisons, renseignez vous \u00e0 la commande &#8211; <strong>13\u20ac<\/strong><\/p>\t\t\t\t\t\t\t\t<\/div>\n\t\t\t\t<\/div>\n\t\t\t\t<div class=\"elementor-element elementor-element-499a7d82 elementor-widget elementor-widget-text-editor\" data-id=\"499a7d82\" data-element_type=\"widget\" data-widget_type=\"text-editor.default\">\n\t\t\t\t<div class=\"elementor-widget-container\">\n\t\t\t\t\t\t\t\t\t<p><strong>LES GOURMANDES<\/strong><\/p>\t\t\t\t\t\t\t\t<\/div>\n\t\t\t\t<\/div>\n\t\t\t\t<div class=\"elementor-element elementor-element-3cc1fedf elementor-widget elementor-widget-text-editor\" data-id=\"3cc1fedf\" data-element_type=\"widget\" data-widget_type=\"text-editor.default\">\n\t\t\t\t<div class=\"elementor-widget-container\">\n\t\t\t\t\t\t\t\t\t<p><span style=\"color: #043549;\"><b>ROYALE<\/b><\/span> &#8211; Sauce tomate, jambon, champignons, emmental, olives &#8211; <strong>12\u20ac<\/strong><br \/><span style=\"color: #043549;\"><b>4 FROMAGES<\/b><\/span> &#8211; Sauce tomate, roquefort, mozzarella, ch\u00e8vre, emmental, olives &#8211;<strong> 13\u20ac<\/strong><br \/><span style=\"color: #043549;\"><b>ARMENIENNE<\/b><\/span> &#8211; Sauce tomate, boeuf hach\u00e9, oignons, poivrons, emmental, olives &#8211; <strong>13\u20ac<\/strong><br \/><span style=\"color: #043549;\"><b>CAMEMBERT<\/b><\/span> &#8211; Sauce tomate, camembert, huile d&rsquo;olives, romarin, emmental, olives &#8211; <strong>12\u20ac<\/strong><br \/><span style=\"color: #043549;\"><b>ORIENTALE<\/b><\/span>&#8211; Sauce tomate, oignons, poivrons, merguez, emmental, olives &#8211;<strong> 12\u20ac<\/strong><br \/><span style=\"color: #043549;\"><b>MARSEILLAISE<\/b><\/span> &#8211; Sauce tomate, anchois, c\u00e2pres, artichauts, olives &#8211; <strong>12\u20ac<\/strong><br \/><span style=\"color: #043549;\"><b>FERMIERE<\/b><\/span> Sauce tomate, oignons, lardons, ch\u00e8vre, emmental, olives &#8211; <strong>13\u20ac<\/strong><br \/><span style=\"color: #043549;\"><b>LA BURGER<\/b><\/span> &#8211; Sauce tomate, oignons, boeuf hach\u00e9, cheddar, sauce bbq, emmental, olives &#8211; <strong>13\u20ac<\/strong><br \/><span style=\"color: #043549;\"><b>L&rsquo;ESPAGNOLE<\/b><\/span> &#8211; Sauce tomate, chorizo, oignons, poivrons, emmental, olives &#8211; <strong>13\u20ac<\/strong><\/p>\t\t\t\t\t\t\t\t<\/div>\n\t\t\t\t<\/div>\n\t\t\t\t<div class=\"elementor-element elementor-element-5503ceab elementor-widget elementor-widget-text-editor\" data-id=\"5503ceab\" data-element_type=\"widget\" data-widget_type=\"text-editor.default\">\n\t\t\t\t<div class=\"elementor-widget-container\">\n\t\t\t\t\t\t\t\t\t<p><strong>LES BLANCHES<\/strong><\/p>\t\t\t\t\t\t\t\t<\/div>\n\t\t\t\t<\/div>\n\t\t\t\t<div class=\"elementor-element elementor-element-723f90dd elementor-widget elementor-widget-text-editor\" data-id=\"723f90dd\" data-element_type=\"widget\" data-widget_type=\"text-editor.default\">\n\t\t\t\t<div class=\"elementor-widget-container\">\n\t\t\t\t\t\t\t\t\t<p><span style=\"color: #043549;\"><b>4 FROMAGES <\/b><\/span>&#8211; Cr\u00e8me fra\u00eeche, roquefort, mozzarella, ch\u00e8vre, emmental, olives &#8211; <strong>13\u20ac<\/strong><br \/><span style=\"color: #043549;\"><b>ROYALE<\/b><\/span> &#8211; Cr\u00e8me fra\u00eeche, jambon, champignons, emmental, olives &#8211; <strong>12\u20ac<\/strong><br \/><span style=\"color: #043549;\"><b>INDIENNE<\/b><\/span> &#8211; Cr\u00e8me fra\u00eeche, poulet, champignons, curry, emmental, olives &#8211; <strong>13\u20ac<\/strong><br \/><span style=\"color: #043549;\"><b>CHEVRE MIEL<\/b><\/span> &#8211; Cr\u00e8me fra\u00eeche, ch\u00e8vre, miel, romarin, emmental, olives &#8211; <strong>13\u20ac<\/strong><br \/><span style=\"color: #043549;\"><b>TARTIFLETTE<\/b><\/span> &#8211; Cr\u00e8me fra\u00eeche, oignons, lardons, reblochon, emmental, olives &#8211; <strong>13\u20ac<\/strong><br \/><span style=\"color: #043549;\"><b>CARBONARA<\/b><\/span> &#8211; Cr\u00e8me fra\u00eeche, lardons, jambon, oeufs, emmental, olives &#8211; <strong>13\u20ac<\/strong><br \/><span style=\"color: #043549;\"><b>KEBAB<\/b><\/span> &#8211; Cr\u00e8me fra\u00eeche, kebab, tomates cerises, sauce kebab, emmental, olives &#8211;<strong> 13\u20ac<\/strong><br \/><span style=\"color: #043549;\"><b>NORVEGIENNE<\/b><\/span> &#8211; Cr\u00e8me fra\u00eeche, saumon, aneth, emmental, olives &#8211; <strong>13\u20ac<\/strong><\/p>\t\t\t\t\t\t\t\t<\/div>\n\t\t\t\t<\/div>\n\t\t\t\t<div class=\"elementor-element elementor-element-31a3759d elementor-widget elementor-widget-text-editor\" data-id=\"31a3759d\" data-element_type=\"widget\" data-widget_type=\"text-editor.default\">\n\t\t\t\t<div class=\"elementor-widget-container\">\n\t\t\t\t\t\t\t\t\t<p><strong>NOS DESSERTS<\/strong><\/p>\t\t\t\t\t\t\t\t<\/div>\n\t\t\t\t<\/div>\n\t\t\t\t<div class=\"elementor-element elementor-element-53b46e67 elementor-widget elementor-widget-text-editor\" data-id=\"53b46e67\" data-element_type=\"widget\" data-widget_type=\"text-editor.default\">\n\t\t\t\t<div class=\"elementor-widget-container\">\n\t\t\t\t\t\t\t\t\t<span style=\"color: #043549;\"><b>CALZONE &#8211; <\/b><\/span>\u00a0Nutella \/ Banane ou Nutella \/ noix de coco rap\u00e9e  &#8211;<strong> 1\u20ac<\/strong>\t\t\t\t\t\t\t\t<\/div>\n\t\t\t\t<\/div>\n\t\t\t\t<div class=\"elementor-element elementor-element-7ee6b941 elementor-widget elementor-widget-text-editor\" data-id=\"7ee6b941\" data-element_type=\"widget\" data-widget_type=\"text-editor.default\">\n\t\t\t\t<div class=\"elementor-widget-container\">\n\t\t\t\t\t\t\t\t\t<p><strong>NOS BOISSONS<\/strong><\/p>\t\t\t\t\t\t\t\t<\/div>\n\t\t\t\t<\/div>\n\t\t\t\t<div class=\"elementor-element elementor-element-5b69d576 elementor-widget elementor-widget-text-editor\" data-id=\"5b69d576\" data-element_type=\"widget\" data-widget_type=\"text-editor.default\">\n\t\t\t\t<div class=\"elementor-widget-container\">\n\t\t\t\t\t\t\t\t\t<p><span style=\"color: #043549;\"><b>VIN ROUGE\u00a0 <\/b><\/span>&#8211; <strong>6\u20ac<br \/><\/strong><span style=\"color: #043549;\"><b>VIN ROSE <\/b><\/span>&#8211; <strong>6\u20ac<br \/><\/strong><span style=\"color: #043549;\"><b>COCA COLA <\/b><\/span>&#8211; <strong>3\u20ac<\/strong><\/p>\t\t\t\t\t\t\t\t<\/div>\n\t\t\t\t<\/div>\n\t\t\t\t\t<\/div>\n\t\t\t\t<\/div>\n\t\t<div class=\"elementor-element elementor-element-4cf17ede e-flex e-con-boxed e-con e-parent\" data-id=\"4cf17ede\" data-element_type=\"container\" data-settings=\"{&quot;background_background&quot;:&quot;classic&quot;}\">\n\t\t\t\t\t<div class=\"e-con-inner\">\n\t\t\t\t<div class=\"elementor-element elementor-element-11cd544e elementor-widget elementor-widget-text-editor\" data-id=\"11cd544e\" data-element_type=\"widget\" data-widget_type=\"text-editor.default\">\n\t\t\t\t<div class=\"elementor-widget-container\">\n\t\t\t\t\t\t\t\t\t<p>CONTACT<\/p>\t\t\t\t\t\t\t\t<\/div>\n\t\t\t\t<\/div>\n\t\t\t\t<div class=\"elementor-element elementor-element-23e8c80a elementor-icon-list--layout-traditional elementor-list-item-link-full_width elementor-widget elementor-widget-icon-list\" data-id=\"23e8c80a\" data-element_type=\"widget\" data-widget_type=\"icon-list.default\">\n\t\t\t\t<div class=\"elementor-widget-container\">\n\t\t\t\t\t\t\t<ul class=\"elementor-icon-list-items\">\n\t\t\t\t\t\t\t<li class=\"elementor-icon-list-item\">\n\t\t\t\t\t\t\t\t\t\t\t<span class=\"elementor-icon-list-icon\">\n\t\t\t\t\t\t\t<svg aria-hidden=\"true\" class=\"e-font-icon-svg e-fas-phone-square-alt\" viewBox=\"0 0 448 512\" xmlns=\"http:\/\/www.w3.org\/2000\/svg\"><path d=\"M400 32H48A48 48 0 0 0 0 80v352a48 48 0 0 0 48 48h352a48 48 0 0 0 48-48V80a48 48 0 0 0-48-48zm-16.39 307.37l-15 65A15 15 0 0 1 354 416C194 416 64 286.29 64 126a15.7 15.7 0 0 1 11.63-14.61l65-15A18.23 18.23 0 0 1 144 96a16.27 16.27 0 0 1 13.79 9.09l30 70A17.9 17.9 0 0 1 189 181a17 17 0 0 1-5.5 11.61l-37.89 31a231.91 231.91 0 0 0 110.78 110.78l31-37.89A17 17 0 0 1 299 291a17.85 17.85 0 0 1 5.91 1.21l70 30A16.25 16.25 0 0 1 384 336a17.41 17.41 0 0 1-.39 3.37z\"><\/path><\/svg>\t\t\t\t\t\t<\/span>\n\t\t\t\t\t\t\t\t\t\t<span class=\"elementor-icon-list-text\">06 72 50 00 19<\/span>\n\t\t\t\t\t\t\t\t\t<\/li>\n\t\t\t\t\t\t\t\t<li class=\"elementor-icon-list-item\">\n\t\t\t\t\t\t\t\t\t\t\t<a href=\"https:\/\/www.facebook.com\/profile.php?id=100063965176409\" target=\"_blank\">\n\n\t\t\t\t\t\t\t\t\t\t\t\t<span class=\"elementor-icon-list-icon\">\n\t\t\t\t\t\t\t<svg aria-hidden=\"true\" class=\"e-font-icon-svg e-fab-facebook-square\" viewBox=\"0 0 448 512\" xmlns=\"http:\/\/www.w3.org\/2000\/svg\"><path d=\"M400 32H48A48 48 0 0 0 0 80v352a48 48 0 0 0 48 48h137.25V327.69h-63V256h63v-54.64c0-62.15 37-96.48 93.67-96.48 27.14 0 55.52 4.84 55.52 4.84v61h-31.27c-30.81 0-40.42 19.12-40.42 38.73V256h68.78l-11 71.69h-57.78V480H400a48 48 0 0 0 48-48V80a48 48 0 0 0-48-48z\"><\/path><\/svg>\t\t\t\t\t\t<\/span>\n\t\t\t\t\t\t\t\t\t\t<span class=\"elementor-icon-list-text\">Page facebook<\/span>\n\t\t\t\t\t\t\t\t\t\t\t<\/a>\n\t\t\t\t\t\t\t\t\t<\/li>\n\t\t\t\t\t\t<\/ul>\n\t\t\t\t\t\t<\/div>\n\t\t\t\t<\/div>\n\t\t\t\t\t<\/div>\n\t\t\t\t<\/div>\n\t\t<div class=\"elementor-element elementor-element-5a61a1bf e-flex e-con-boxed e-con e-parent\" data-id=\"5a61a1bf\" data-element_type=\"container\">\n\t\t\t\t\t<div class=\"e-con-inner\">\n\t\t\t\t\t<\/div>\n\t\t\t\t<\/div>\n\t\t\t\t<\/div>\n\t\t","protected":false},"excerpt":{"rendered":"<p>LE CAMION DE PIZZA BEL AIR LE CAMION DE PIZZA BEL AIR Avenue Jacques Chabans Delmas, 13300 Salon de Provence 06 72 50 00 19 Ouvert 7j\/7 18h &#8211; 22h Livraison A emporter OFFRE SPECIALE\u00a0 Livraison gratuite \u00e0 Bel Air et Salon de Provence 10 pizzas achet\u00e9es = 1 offerte 3 pizzas achet\u00e9es = 1 [&hellip;]<\/p>\n","protected":false},"author":1,"featured_media":0,"parent":0,"menu_order":0,"comment_status":"closed","ping_status":"closed","template":"","meta":{"footnotes":""},"class_list":["post-583","page","type-page","status-publish","hentry"],"_links":{"self":[{"href":"https:\/\/camions-de-pizzas.fr\/index.php?rest_route=\/wp\/v2\/pages\/583","targetHints":{"allow":["GET"]}}],"collection":[{"href":"https:\/\/camions-de-pizzas.fr\/index.php?rest_route=\/wp\/v2\/pages"}],"about":[{"href":"https:\/\/camions-de-pizzas.fr\/index.php?rest_route=\/wp\/v2\/types\/page"}],"author":[{"embeddable":true,"href":"https:\/\/camions-de-pizzas.fr\/index.php?rest_route=\/wp\/v2\/users\/1"}],"replies":[{"embeddable":true,"href":"https:\/\/camions-de-pizzas.fr\/index.php?rest_route=%2Fwp%2Fv2%2Fcomments&post=583"}],"version-history":[{"count":26,"href":"https:\/\/camions-de-pizzas.fr\/index.php?rest_route=\/wp\/v2\/pages\/583\/revisions"}],"predecessor-version":[{"id":611,"href":"https:\/\/camions-de-pizzas.fr\/index.php?rest_route=\/wp\/v2\/pages\/583\/revisions\/611"}],"wp:attachment":[{"href":"https:\/\/camions-de-pizzas.fr\/index.php?rest_route=%2Fwp%2Fv2%2Fmedia&parent=583"}],"curies":[{"name":"wp","href":"https:\/\/api.w.org\/{rel}","templated":true}]}}